{"id":35,"date":"2024-08-02T23:07:54","date_gmt":"2024-08-02T23:07:54","guid":{"rendered":"https:\/\/whiskyday.it\/?page_id=35"},"modified":"2024-08-02T23:56:12","modified_gmt":"2024-08-02T23:56:12","slug":"privacy","status":"publish","type":"page","link":"https:\/\/whiskyday.it\/en\/privacy\/","title":{"rendered":"Privacy"},"content":{"rendered":"<p>[et_pb_section fb_built=&#8221;1&#8243; _builder_version=&#8221;4.25.2&#8243; _module_preset=&#8221;default&#8221; custom_padding=&#8221;200px||||false|false&#8221; global_colors_info=&#8221;{}&#8221; theme_builder_area=&#8221;post_content&#8221;][et_pb_row _builder_version=&#8221;4.25.2&#8243; _module_preset=&#8221;default&#8221; max_width=&#8221;1920px&#8221; global_colors_info=&#8221;{}&#8221; theme_builder_area=&#8221;post_content&#8221;][et_pb_column type=&#8221;4_4&#8243; _builder_version=&#8221;4.25.2&#8243; _module_preset=&#8221;default&#8221; global_colors_info=&#8221;{}&#8221; theme_builder_area=&#8221;post_content&#8221;][et_pb_text _builder_version=&#8221;4.25.2&#8243; _module_preset=&#8221;default&#8221; header_2_font=&#8221;Great Vibes||||||||&#8221; header_2_text_align=&#8221;left&#8221; header_2_text_color=&#8221;#14627c&#8221; header_2_font_size=&#8221;80px&#8221; custom_padding=&#8221;||25px||false|false&#8221; header_2_font_size_tablet=&#8221;80px&#8221; header_2_font_size_phone=&#8221;60px&#8221; header_2_font_size_last_edited=&#8221;on|phone&#8221; border_width_bottom=&#8221;1px&#8221; border_color_bottom=&#8221;#e59e24&#8243; locked=&#8221;off&#8221; global_colors_info=&#8221;{}&#8221; theme_builder_area=&#8221;post_content&#8221;]<\/p>\n<h2>Press<\/h2>\n<p>[\/et_pb_text][et_pb_text _builder_version=&#8221;4.25.2&#8243; _module_preset=&#8221;default&#8221; text_font=&#8221;Lato||||||||&#8221; text_text_color=&#8221;#14627c&#8221; text_font_size=&#8221;21px&#8221; text_line_height=&#8221;30px&#8221; header_2_font=&#8221;|600|||||||&#8221; header_2_text_color=&#8221;gcid-primary-color&#8221; header_2_font_size=&#8221;40px&#8221; header_2_line_height=&#8221;44px&#8221; global_colors_info=&#8221;{%22gcid-primary-color%22:%91%22header_2_text_color%22%93}&#8221; theme_builder_area=&#8221;post_content&#8221;]<\/p>\n<h2 id=\"privacy\" class=\"privacy__articolo__sottotitolo\">Informativa sul trattamento dei Dati Personali<\/h2>\n<p>MWF S.r.l., ai sensi dell&#8217;Art. 13 del DLgs. 196\/2003 &#8211; Codice Privacy, nella sua qualit\u00e0 di titolare del trattamento, vi informa che i dati che vi riguardano verranno utilizzati per l&#8217;esecuzione del rapporto contrattuale che vi lega, nonch\u00e9 per la prestazione di servizi direttamente strumentali a detto rapporto. I dati verranno trattati con mezzi elettronici e cartacei, secondo modalit\u00e0 strettamente strumentali al perseguimento della finalit\u00e0 indicata, cos\u00ec come dalle indicazioni espresse nel DLgs. 679\/16 &#8211; GDPR. Il conferimento dei vostri, \u00e8 necessario per l&#8217;esecuzione del rapporto contrattuale con voi in essere. Le informazioni che vi riguardano potranno essere utilizzate dai dipendenti e consulenti di MWF S.r.l. designati incaricati del trattamento ovvero da soggetti terzi che ricoprono la qualifica di responsabili esterni, per il compimento delle operazioni connesse alla predetta finalit\u00e0. Salvo quanto sopra indicato, e per ci\u00f2 che consegue nel paragrafo<span>\u00a0<\/span><a class=\"lprivacy__articolo__corpo__link ss-broken\" href=\"https:\/\/whiskyday.it\/en\/privacy\/#gdpr\" title=\"GDPR - Testo - Consultazione\" tabindex=\"300\"><span style=\"color: #e59e24;\">Regolamento generale sulla protezione dei Dati<\/span><\/a>, la comunicazione dei vostri dati a terzi potr\u00e0 essere effettuata esclusivamente per l&#8217;adempimento di obblighi di legge o per finalit\u00e0 contabili, nonch\u00e9 per dar corso al rapporto contrattuale in essere. Fatta esclusione delle indicazioni contenute nel sopracitato paragrafo, i vostri dati non saranno diffusi, n\u00e9 trasferiti all&#8217;estero. Titolare del trattamento \u00e8 MWF S.r.l., con sede Via Cavaleri, 6 &#8211; 20147 Milano, Italia. L&#8217;elenco aggiornato dei responsabili e degli incaricati \u00e8 disponibile presso MWF S.r.l. ed \u00e8 consultabile con richiesta da effettuarsi tramite E-Mail all&#8217;indirizzo<span>\u00a0<\/span><span class=\"email-utente\">info@whiskyday.it<\/span><span>\u00a0<\/span>o tramite qualsivoglia canale indicato al paragrafo<span>\u00a0<\/span><span style=\"color: #ffcc00;\"><a class=\"lprivacy__articolo__corpo__link ss-broken\" href=\"https:\/\/whiskyday.it\/en\/privacy\/#gdpr\" title=\"GDPR - Testo - Consultazione\" style=\"color: #e59e24;\" tabindex=\"301\">Regolamento generale sulla protezione dei Dati<\/a><\/span>. Per avere piena chiarezza sulle operazioni di cui vi abbiamo riferito e per esercitare i diritti di accesso, rettifica, opposizione al trattamento e gli altri diritti di cui all&#8217;Art. 7 del DLgs. 196\/2003 (Testo Unico \u2013 Codice Privacy) ci si potr\u00e0 rivolgere al responsabile per la gestione delle istanze degli interessati con lettera da inviarsi via E-Mail all&#8217;indirizzo<span>\u00a0<\/span><span class=\"email-utente\">info@whiskyday.it<\/span><span>\u00a0<\/span>o come indicato al paragrafo<span>\u00a0<\/span><a class=\"lprivacy__articolo__corpo__link ss-broken\" href=\"https:\/\/whiskyday.it\/en\/privacy\/#gdpr\" title=\"GDPR - Testo - Consultazione\" tabindex=\"302\" style=\"color: #e59e24;\">Regolamento generale sulla protezione dei Dati<\/a>.<\/p>\n<h2>Regolamento generale sulla protezione dei Dati<\/h2>\n<p>MWF S.r.l., ai sensi del DLgs. 679\/2016 &#8211; Regolamento europeo in materia di protezione dei dati personali, nella sua qualit\u00e0 di titolare del trattamento, vi informa che i dati che vi riguardano saranno in possesso del responsabile del trattamento &#8211; Andrea Giannone &#8211; presso MWF S.r.l., con sede Via Cavaleri, 6 &#8211; 20147 Milano, Italia. I dati saranno archiviati in formato cartaceo ed elettronico, per l&#8217;intera durata del rapporto e\/o salvo diversamente indicato dalle disposizioni della documentazione contrattuale in essere &#8211; ivi compresa la fruizione dei servizi inerenti il sito web. Nella loro versione digitale, verr\u00e0 garantita la tutela dei medesimi per mezzo di procedure di crittografia ed anonimazione dei soggetti identificati. Nonch\u00e8 di sistemi atti alla protezione preventiva da attacchi informatici di diversa natura &#8211; quali hacking, cracking, virus, malwares, vari ed eventuali. In caso di violazione dei dati, verr\u00e0 esposta segnalazione ufficiale alle autorit\u00e0 competenti in materia, di cui riceverete notifica entro e non oltre le successive 72 ore dalla verifica da parte del responsabile del trattamento. I vostri dati, saranno indirettamente trasmessi ai soggetti di terze parti titolari degli strumenti e delle tecnologie presenti su https:\/\/whiskyday.it. Queste garantiscono il corretto funzionamento della piattaforma, nonch\u00e8 della fruibilit\u00e0 della stessa da parte dell&#8217;utenza. L&#8217;elenco dei soggetti coinvolti, cos\u00ec come le modalit\u00e0 di invio dei dati verso i medesimi, sono indicati al paragrafo<span>\u00a0<\/span><a class=\"privacy__articolo__corpo__link ss-broken\" href=\"https:\/\/whiskyday.it\/en\/privacy\/#cookies\" title=\"Cookie Policy - Consultazione\" tabindex=\"303\" style=\"color: #e59e24;\">UE Direttiva e-Privacy &#8211; Codice ed informativa<\/a>. MWF S.r.l., in conformit\u00e0 alla suddetta regolamentazione ed al DLgs. 196\/03 &#8211; Codice Privacy, garantisce il vostro diritto di accesso, rettifica, ed opposizione al trattamento dei dati raccolti, previa constatazione di titolarit\u00e0 da parte del richiedente tramite richiesta indirizzata al responsabile del trattamento. Tale richiesta dovr\u00e0 essere coadiuvata da documento d&#8217;identit\u00e0 in corso di validit\u00e0, da presentare in autonomia attraverso gli appositi servizi predisposti dalla piattaforma &#8211; qualora consentito &#8211; o secondo le modalit\u00e0 espresse al paragrafo<span>\u00a0<\/span><a class=\"privacy__articolo__corpo__link ss-broken\" href=\"https:\/\/whiskyday.it\/en\/privacy\/#privacy\" title=\"Privacy - Consultazione\" tabindex=\"304\" style=\"color: #e59e24;\">Informativa sul trattamento dei Dati Personali<\/a>. In caso di comunicazione dei dati da parte di soggetti minori di anni 16, MWF S.r.l. si opporr\u00e0 all&#8217;elaborazione e\/o all&#8217;archiviazione di questi &#8211; in qualsiasi forma &#8211; escludendo il responsabile al trattamento ed ogni persona fisica e giuridica ad esso correlata, da ogni obbligo e responsabilit\u00e0 nei confronti dei soggetti coinvolti, qualora la trasmissione dei suddetti non avvenga in presenza di consenso certificato da parte di tutore legale. Per ogni altra questione in materia, cos\u00ec come dei punti inerenti la normativa, vi rimandiamo alla<span>\u00a0<\/span><a class=\"privacy__articolo__corpo__link\" href=\"https:\/\/tinyurl.com\/y9z38rnb\" title=\"General Data Protection Regulation - Consultazione\" target=\"new\" rel=\"noopener\" tabindex=\"305\" style=\"color: #e59e24;\">consultazione del testo integrale<\/a>. Le suddette indicazioni, vengono estese ed implicitamente considerate valide per l&#8217;attivit\u00e0 di promozione e pubblicizzazione svolta da MWF S.r.l. &#8211; inerente esclusivamente l&#8217;attivit\u00e0 in essere &#8211; attraverso le piattaforme di terze parti coinvolte, elencate al paragrafo<span>\u00a0<\/span><a class=\"privacy__articolo__corpo__link ss-broken\" href=\"https:\/\/whiskyday.it\/en\/privacy\/#cookies\" title=\"Cookie Policy - Consultazione\" tabindex=\"303\" style=\"color: #e59e24;\">UE Direttiva e-Privacy &#8211; Codice ed informativa<\/a>.<\/p>\n<h2 id=\"cookies\" class=\"privacy__articolo__sottotitolo\">UE Direttiva e-Privacy &#8211; Codice ed informativa<\/h2>\n<p>Questo applicativo utilizza i cookies e\/o identificatori anonimi per gestire varie funzioni, di cui:<\/p>\n<ul>\n<li>Identificatori tecnici &#8211; finalizzati al coordinamento funzionale del sistema\n<ul>\n<li>Navigazione\n<ul>\n<li>Informative: pubblicizzazione selettiva di bollettini tecnici e di natura legale \u2013 Cookies;<\/li>\n<\/ul>\n<\/li>\n<li>Autenticazione\n<ul>\n<li>Amministrazione Sito: regolazione degli accessi alla piattaforma CMS per le operazioni di monitoraggio, aggiornamento e manutenzione della risorsa;<\/li>\n<\/ul>\n<\/li>\n<\/ul>\n<\/li>\n<li>Piattaforme di terze parti &#8211; di propriet\u00e0 di soggetti esterni alla titolarit\u00e0 del Sito\n<ul>\n<li>Interfacce di Programmazione Applicazioni (API): piattaforme di comunicazione tra il sistema e le risorse esterne\n<ul>\n<li>Raccolta dati sul traffico:\n<ul>\n<li>Google*: collezionamento anonimo destinato all&#8217;analisi ed alla pubblicazione dei contenuti, per la comprensione dell&#8217;andamento del Sito;<\/li>\n<\/ul>\n<\/li>\n<\/ul>\n<\/li>\n<li>Reti Sociali\n<ul>\n<li>Facebook*:\n<ul>\n<li>Collegamento alla pagina aziendale pubblicata sulla piattaforma;<\/li>\n<li>Widget: interfaccia di comunicazione per l&#8217;interazione con la pagina aziendale pubblicata sulla piattaforma;<\/li>\n<\/ul>\n<p>Instagram*:<\/p>\n<ul>\n<li>Collegamento al profilo aziendale pubblicato sulla piattaforma;<\/li>\n<\/ul>\n<\/li>\n<\/ul>\n<\/li>\n<li>Comunicazione\n<ul>\n<li>MailUp*:\n<ul>\n<li>Modulo per la registrazione al servizio informativo periodico di natura pubblicitaria &#8211; inerente il Sito &#8211; tramite l&#8217;invio di dati sensibili;<\/li>\n<\/ul>\n<\/li>\n<\/ul>\n<\/li>\n<\/ul>\n<\/li>\n<\/ul>\n<p>Utilizzando il nostro sito web, accettate il fatto che possiamo caricare questo tipo di cookies nel vostro dispositivo.<br \/>Per informazioni<span>\u00a0<\/span><a class=\"privacy__articolo__corpo__link\" href=\"https:\/\/tinyurl.com\/qayqqhk\" title=\"Tecnologia e cookies - Regolamento della Comunit\u00e0\" target=\"new\" rel=\"noopener\" tabindex=\"2\" style=\"color: #e59e24;\">consultate la Direttiva Europea<\/a>. In alternativa, vi rimandiamo alla<span>\u00a0<\/span><a class=\"privacy__articolo__corpo__link\" href=\"http:\/\/youronlinechoices.com\/\" title=\"Ambito personale e marketing in ambiente Internet\" target=\"new\" rel=\"noopener\" tabindex=\"3\" style=\"color: #e59e24;\">guida internazionale (guardate)<\/a><span>\u00a0<\/span>per approfondire gli aspetti tecnici degli strumenti in uso. Ulteriori dettagli sulle modalit\u00e0 di raccolta ed impiego dei dati, sono contenuti nell&#8217;informativa presente al paragrafo in testa.<\/p>\n<p>* Qualora desideriate impedire l&#8217;utilizzo dei vostri dati a fini pubblicitari,<span>\u00a0<\/span><a class=\"privacy__articolo__corpo__link\" href=\"http:\/\/tinyurl.com\/lr9zzeb\" title=\"Plugin disattivazione Google Analytics\" target=\"new\" rel=\"noopener\" tabindex=\"4\" style=\"color: #e59e24;\">scaricate il componente aggiuntivo<\/a><span>\u00a0<\/span>del browser per la disattivazione dei sistemi di terze parti coinvolti. Oppure visitate il sito web della<span>\u00a0<\/span><a class=\"privacy__articolo__corpo__link\" href=\"http:\/\/www.aboutads.info\/\" title=\"Pubblicit\u00e0 basata sugli interessi - Blocco visualizzazione\" target=\"new\" rel=\"noopener\" tabindex=\"5\" style=\"color: #e59e24;\">Digital Advertising Alliance (guardate)<\/a><span>\u00a0<\/span>per istruzioni specifiche.<\/p>\n<p>[\/et_pb_text][\/et_pb_column][\/et_pb_row][\/et_pb_section]<\/p>","protected":false},"excerpt":{"rendered":"<p>PressInformativa sul trattamento dei Dati Personali MWF S.r.l., ai sensi dell&#8217;Art. 13 del DLgs. 196\/2003 &#8211; Codice Privacy, nella sua qualit\u00e0 di titolare del trattamento, vi informa che i dati che vi riguardano verranno utilizzati per l&#8217;esecuzione del rapporto contrattuale che vi lega, nonch\u00e9 per la prestazione di servizi direttamente strumentali a detto rapporto. I [&hellip;]<\/p>","protected":false},"author":1,"featured_media":0,"parent":0,"menu_order":0,"comment_status":"closed","ping_status":"closed","template":"","meta":{"_et_pb_use_builder":"on","_et_pb_old_content":"<!-- wp:divi\/placeholder \/-->","_et_gb_content_width":"","footnotes":""},"class_list":["post-35","page","type-page","status-publish","hentry"],"yoast_head":"<!-- This site is optimized with the Yoast SEO plugin v23.1 - https:\/\/yoast.com\/wordpress\/plugins\/seo\/ -->\n<title>Privacy - Milano Whisky Day<\/title>\n<meta name=\"robots\" content=\"index, follow, max-snippet:-1, max-image-preview:large, max-video-preview:-1\" \/>\n<link rel=\"canonical\" href=\"https:\/\/whiskyday.it\/en\/privacy\/\" \/>\n<meta property=\"og:locale\" content=\"en_US\" \/>\n<meta property=\"og:type\" content=\"article\" \/>\n<meta property=\"og:title\" content=\"Privacy - Milano Whisky Day\" \/>\n<meta property=\"og:description\" content=\"PressInformativa sul trattamento dei Dati Personali MWF S.r.l., ai sensi dell&#039;Art. 13 del DLgs. 196\/2003 - Codice Privacy, nella sua qualit\u00e0 di titolare del trattamento, vi informa che i dati che vi riguardano verranno utilizzati per l&#039;esecuzione del rapporto contrattuale che vi lega, nonch\u00e9 per la prestazione di servizi direttamente strumentali a detto rapporto. I [&hellip;]\" \/>\n<meta property=\"og:url\" content=\"https:\/\/whiskyday.it\/en\/privacy\/\" \/>\n<meta property=\"og:site_name\" content=\"Milano Whisky Day\" \/>\n<meta property=\"article:modified_time\" content=\"2024-08-02T23:56:12+00:00\" \/>\n<meta name=\"twitter:card\" content=\"summary_large_image\" \/>\n<meta name=\"twitter:label1\" content=\"Est. reading time\" \/>\n\t<meta name=\"twitter:data1\" content=\"6 minutes\" \/>\n<script type=\"application\/ld+json\" class=\"yoast-schema-graph\">{\"@context\":\"https:\/\/schema.org\",\"@graph\":[{\"@type\":\"WebPage\",\"@id\":\"https:\/\/whiskyday.it\/privacy\/\",\"url\":\"https:\/\/whiskyday.it\/privacy\/\",\"name\":\"Privacy - Milano Whisky Day\",\"isPartOf\":{\"@id\":\"https:\/\/whiskyday.it\/#website\"},\"datePublished\":\"2024-08-02T23:07:54+00:00\",\"dateModified\":\"2024-08-02T23:56:12+00:00\",\"breadcrumb\":{\"@id\":\"https:\/\/whiskyday.it\/privacy\/#breadcrumb\"},\"inLanguage\":\"en-US\",\"potentialAction\":[{\"@type\":\"ReadAction\",\"target\":[\"https:\/\/whiskyday.it\/privacy\/\"]}]},{\"@type\":\"BreadcrumbList\",\"@id\":\"https:\/\/whiskyday.it\/privacy\/#breadcrumb\",\"itemListElement\":[{\"@type\":\"ListItem\",\"position\":1,\"name\":\"Home\",\"item\":\"https:\/\/whiskyday.it\/\"},{\"@type\":\"ListItem\",\"position\":2,\"name\":\"Privacy\"}]},{\"@type\":\"WebSite\",\"@id\":\"https:\/\/whiskyday.it\/#website\",\"url\":\"https:\/\/whiskyday.it\/\",\"name\":\"Milano Whisky Day\",\"description\":\"Spiriti Indipendenti\",\"potentialAction\":[{\"@type\":\"SearchAction\",\"target\":{\"@type\":\"EntryPoint\",\"urlTemplate\":\"https:\/\/whiskyday.it\/?s={search_term_string}\"},\"query-input\":\"required name=search_term_string\"}],\"inLanguage\":\"en-US\"}]}<\/script>\n<!-- \/ Yoast SEO plugin. -->","yoast_head_json":{"title":"Privacy - Milano Whisky Day","robots":{"index":"index","follow":"follow","max-snippet":"max-snippet:-1","max-image-preview":"max-image-preview:large","max-video-preview":"max-video-preview:-1"},"canonical":"https:\/\/whiskyday.it\/en\/privacy\/","og_locale":"en_US","og_type":"article","og_title":"Privacy - Milano Whisky Day","og_description":"PressInformativa sul trattamento dei Dati Personali MWF S.r.l., ai sensi dell'Art. 13 del DLgs. 196\/2003 - Codice Privacy, nella sua qualit\u00e0 di titolare del trattamento, vi informa che i dati che vi riguardano verranno utilizzati per l'esecuzione del rapporto contrattuale che vi lega, nonch\u00e9 per la prestazione di servizi direttamente strumentali a detto rapporto. I [&hellip;]","og_url":"https:\/\/whiskyday.it\/en\/privacy\/","og_site_name":"Milano Whisky Day","article_modified_time":"2024-08-02T23:56:12+00:00","twitter_card":"summary_large_image","twitter_misc":{"Est. reading time":"6 minutes"},"schema":{"@context":"https:\/\/schema.org","@graph":[{"@type":"WebPage","@id":"https:\/\/whiskyday.it\/privacy\/","url":"https:\/\/whiskyday.it\/privacy\/","name":"Privacy - Milano Whisky Day","isPartOf":{"@id":"https:\/\/whiskyday.it\/#website"},"datePublished":"2024-08-02T23:07:54+00:00","dateModified":"2024-08-02T23:56:12+00:00","breadcrumb":{"@id":"https:\/\/whiskyday.it\/privacy\/#breadcrumb"},"inLanguage":"en-US","potentialAction":[{"@type":"ReadAction","target":["https:\/\/whiskyday.it\/privacy\/"]}]},{"@type":"BreadcrumbList","@id":"https:\/\/whiskyday.it\/privacy\/#breadcrumb","itemListElement":[{"@type":"ListItem","position":1,"name":"Home","item":"https:\/\/whiskyday.it\/"},{"@type":"ListItem","position":2,"name":"Privacy"}]},{"@type":"WebSite","@id":"https:\/\/whiskyday.it\/#website","url":"https:\/\/whiskyday.it\/","name":"Milano Whisky Day","description":"Spiriti Indipendenti","potentialAction":[{"@type":"SearchAction","target":{"@type":"EntryPoint","urlTemplate":"https:\/\/whiskyday.it\/?s={search_term_string}"},"query-input":"required name=search_term_string"}],"inLanguage":"en-US"}]}},"_links":{"self":[{"href":"https:\/\/whiskyday.it\/en\/wp-json\/wp\/v2\/pages\/35","targetHints":{"allow":["GET"]}}],"collection":[{"href":"https:\/\/whiskyday.it\/en\/wp-json\/wp\/v2\/pages"}],"about":[{"href":"https:\/\/whiskyday.it\/en\/wp-json\/wp\/v2\/types\/page"}],"author":[{"embeddable":true,"href":"https:\/\/whiskyday.it\/en\/wp-json\/wp\/v2\/users\/1"}],"replies":[{"embeddable":true,"href":"https:\/\/whiskyday.it\/en\/wp-json\/wp\/v2\/comments?post=35"}],"version-history":[{"count":3,"href":"https:\/\/whiskyday.it\/en\/wp-json\/wp\/v2\/pages\/35\/revisions"}],"predecessor-version":[{"id":881,"href":"https:\/\/whiskyday.it\/en\/wp-json\/wp\/v2\/pages\/35\/revisions\/881"}],"wp:attachment":[{"href":"https:\/\/whiskyday.it\/en\/wp-json\/wp\/v2\/media?parent=35"}],"curies":[{"name":"wp","href":"https:\/\/api.w.org\/{rel}","templated":true}]}}